{"id":76,"date":"2025-12-29T16:41:33","date_gmt":"2025-12-29T15:41:33","guid":{"rendered":"http:\/\/www.dawidjankowski.pl\/?page_id=76"},"modified":"2025-12-29T16:52:31","modified_gmt":"2025-12-29T15:52:31","slug":"o-mnie","status":"publish","type":"page","link":"http:\/\/www.dawidjankowski.pl\/index.php\/o-mnie\/","title":{"rendered":"O mnie"},"content":{"rendered":"\n<div class=\"wp-block-group is-nowrap is-layout-flex wp-container-core-group-is-layout-6c531013 wp-block-group-is-layout-flex\">\n<p>Swoj\u0105 dzia\u0142alno\u015b\u0107 polityczn\u0105 rozpocz\u0105\u0142em w 2022 roku od udzia\u0142u w konkursie organizowanym przez Kancelari\u0119 Sejmu, pn. Sejm Dzieci i M\u0142odzie\u017cy XXVIII kadencji. Wtedy do\u0142\u0105czy\u0142em do Konfederacji Korony Polskiej Grzegorza Brauna i z jego polecenia tworzy\u0142em struktury m\u0142odzie\u017cowe partii, kt\u00f3ra obra\u0142a z mojej inicjatywy nazw\u0119 &#8211; Korona M\u0142odych. Zosta\u0142em w\u00f3wczas tak\u017ce asystentem spo\u0142ecznym Pos\u0142a Grzegorza Brauna.<br><br>Po 9 miesi\u0105cach dzia\u0142alno\u015bci zako\u0144czy\u0142em wsp\u00f3\u0142prac\u0119 ze \u015brodowiskiem Grzegorza Brauna i w kwietniu 2023 roku do\u0142\u0105czy\u0142em do Nowego Pokolenia Suwerennej Polski. W lipcu zosta\u0142em wybrany do M\u0142odzie\u017cowej Rady Sprawiedliwo\u015bci III kadencji, organu doradczego Ministra Sprawiedliwo\u015bci. Pe\u0142ni\u0142em tam funkcj\u0119 regionalnego przedstawiciela MRS na wojew\u00f3dztwo dolno\u015bl\u0105skie. Od stycznia do kwietnia 2024 roku pe\u0142ni\u0142em funkcj\u0119 spo\u0142ecznego wsp\u00f3\u0142pracownika Pos\u0142a Janusza Kowalskiego.<\/p>\n\n\n\n<figure class=\"wp-block-image size-large\"><img loading=\"lazy\" decoding=\"async\" width=\"1024\" height=\"1024\" src=\"http:\/\/www.dawidjankowski.pl\/wp-content\/uploads\/2025\/12\/jankowski-1024x1024.jpg\" alt=\"\" class=\"wp-image-79\" srcset=\"http:\/\/www.dawidjankowski.pl\/wp-content\/uploads\/2025\/12\/jankowski-1024x1024.jpg 1024w, http:\/\/www.dawidjankowski.pl\/wp-content\/uploads\/2025\/12\/jankowski-300x300.jpg 300w, http:\/\/www.dawidjankowski.pl\/wp-content\/uploads\/2025\/12\/jankowski-150x150.jpg 150w, http:\/\/www.dawidjankowski.pl\/wp-content\/uploads\/2025\/12\/jankowski-768x768.jpg 768w, http:\/\/www.dawidjankowski.pl\/wp-content\/uploads\/2025\/12\/jankowski.jpg 1066w\" sizes=\"auto, (max-width: 1024px) 100vw, 1024px\" \/><\/figure>\n<\/div>\n\n\n\n<div class=\"wp-block-group is-nowrap is-layout-flex wp-container-core-group-is-layout-6c531013 wp-block-group-is-layout-flex\">\n<p>W kwietniu 2024 roku wystartowa\u0142em w wyborach samorz\u0105dowych do Rady Miasta Ole\u015bnicy. Uzyska\u0142em mandat radnego dzi\u0119ki poparciu 325 mieszka\u0144c\u00f3w mojego okr\u0119gu wyborczego (co stanowi 9,77% wszystkich g\u0142os\u00f3w oddanych w okr\u0119gu) i zosta\u0142em najm\u0142odszym radnym w Polsce. W Radzie Miasta pe\u0142ni\u0119 funkcj\u0119 wiceprzewodnicz\u0105cego klubu radnych Prawa i Sprawiedliwo\u015bci oraz jestem cz\u0142onkiem komisji skarg, wniosk\u00f3w i petycji.<\/p>\n<\/div>\n\n\n\n<p>Od wrze\u015bnia 2024 roku jestem r\u00f3wnie\u017c spo\u0142ecznym wsp\u00f3\u0142pracownikiem Pos\u0142a Dariusza Mateckiego, a po fuzji Suwerennej Polski i PiSu 12 pa\u017adziernika 2024 roku tak\u017ce cz\u0142onkiem Prawa i Sprawiedliwo\u015bci.<\/p>\n","protected":false},"excerpt":{"rendered":"<p>Swoj\u0105 dzia\u0142alno\u015b\u0107 polityczn\u0105 rozpocz\u0105\u0142em w 2022 roku od udzia\u0142u w konkursie organizowanym przez Kancelari\u0119 Sejmu, pn. Sejm Dzieci i M\u0142odzie\u017cy XXVIII kadencji. Wtedy do\u0142\u0105czy\u0142em do Konfederacji Korony Polskiej Grzegorza Brauna i z jego polecenia tworzy\u0142em struktury m\u0142odzie\u017cowe partii, kt\u00f3ra obra\u0142a z mojej inicjatywy nazw\u0119 &#8211; Korona M\u0142odych. Zosta\u0142em w\u00f3wczas tak\u017ce asystentem spo\u0142ecznym Pos\u0142a Grzegorza Brauna. [&hellip;]<\/p>\n","protected":false},"author":1,"featured_media":0,"parent":0,"menu_order":0,"comment_status":"closed","ping_status":"closed","template":"","meta":{"footnotes":""},"class_list":["post-76","page","type-page","status-publish","hentry"],"_links":{"self":[{"href":"http:\/\/www.dawidjankowski.pl\/index.php\/wp-json\/wp\/v2\/pages\/76","targetHints":{"allow":["GET"]}}],"collection":[{"href":"http:\/\/www.dawidjankowski.pl\/index.php\/wp-json\/wp\/v2\/pages"}],"about":[{"href":"http:\/\/www.dawidjankowski.pl\/index.php\/wp-json\/wp\/v2\/types\/page"}],"author":[{"embeddable":true,"href":"http:\/\/www.dawidjankowski.pl\/index.php\/wp-json\/wp\/v2\/users\/1"}],"replies":[{"embeddable":true,"href":"http:\/\/www.dawidjankowski.pl\/index.php\/wp-json\/wp\/v2\/comments?post=76"}],"version-history":[{"count":3,"href":"http:\/\/www.dawidjankowski.pl\/index.php\/wp-json\/wp\/v2\/pages\/76\/revisions"}],"predecessor-version":[{"id":78,"href":"http:\/\/www.dawidjankowski.pl\/index.php\/wp-json\/wp\/v2\/pages\/76\/revisions\/78"}],"wp:attachment":[{"href":"http:\/\/www.dawidjankowski.pl\/index.php\/wp-json\/wp\/v2\/media?parent=76"}],"curies":[{"name":"wp","href":"https:\/\/api.w.org\/{rel}","templated":true}]}}