{"id":21,"date":"2025-10-20T17:15:22","date_gmt":"2025-10-20T15:15:22","guid":{"rendered":"http:\/\/www.dawidjankowski.pl\/?page_id=21"},"modified":"2025-10-20T20:23:33","modified_gmt":"2025-10-20T18:23:33","slug":"kontakt","status":"publish","type":"page","link":"http:\/\/www.dawidjankowski.pl\/index.php\/kontakt\/","title":{"rendered":""},"content":{"rendered":"\n<p><\/p>\n\n\n\n<div class=\"wp-block-group is-layout-constrained wp-container-core-group-is-layout-a903b90d wp-block-group-is-layout-constrained\">\n<p class=\"has-text-align-center has-x-small-font-size\" style=\"letter-spacing:1px;text-transform:uppercase\">KONTAKT<\/p>\n\n\n\n<h2 class=\"wp-block-heading alignfull has-text-align-center\">Skontaktuj si\u0119 ze mn\u0105!<\/h2>\n<\/div>\n\n\n\n<div class=\"wp-block-group alignfull is-layout-constrained wp-block-group-is-layout-constrained\" style=\"padding-top:var(--wp--preset--spacing--80);padding-bottom:var(--wp--preset--spacing--80)\">\n<div class=\"wp-block-columns alignwide is-layout-flex wp-container-core-columns-is-layout-87beb0d0 wp-block-columns-is-layout-flex\">\n<div class=\"wp-block-column is-layout-flow wp-block-column-is-layout-flow\">\n<div class=\"wp-block-group has-secondary-background-color has-background is-vertical is-content-justification-center is-layout-flex wp-container-core-group-is-layout-e2e87e84 wp-block-group-is-layout-flex\" style=\"border-radius:5px;padding-top:var(--wp--preset--spacing--40);padding-right:var(--wp--preset--spacing--40);padding-bottom:var(--wp--preset--spacing--40);padding-left:var(--wp--preset--spacing--40)\">\n<figure class=\"wp-block-image size-full is-resized wp-duotone-varpresetduotonewhite-1\"><img decoding=\"async\" src=\"http:\/\/www.dawidjankowski.pl\/wp-content\/themes\/patterns-political\/assets\/img\/icon-6.png\" alt=\"\" style=\"width:60px;height:auto\"\/><\/figure>\n\n\n\n<div class=\"wp-block-group is-layout-constrained wp-container-core-group-is-layout-19e250f3 wp-block-group-is-layout-constrained\">\n<h4 class=\"wp-block-heading has-text-align-center has-default-color has-text-color has-link-color wp-elements-28dc0b0c06493d4d396b49d608f82255\">Zadzwo\u0144<\/h4>\n\n\n\n<div style=\"height:var(--wp--preset--spacing--10)\" aria-hidden=\"true\" class=\"wp-block-spacer\"><\/div>\n\n\n\n<p class=\"has-text-align-center has-default-color has-text-color\">+48 884-414-148<\/p>\n\n\n\n<p class=\"has-text-align-center\"><mark style=\"background-color:rgba(0, 0, 0, 0)\" class=\"has-inline-color has-default-color\"><em>(od pon. do pt.)<\/em><\/mark><\/p>\n<\/div>\n<\/div>\n<\/div>\n\n\n\n<div class=\"wp-block-column is-layout-flow wp-block-column-is-layout-flow\">\n<div class=\"wp-block-group has-accent-background-color has-background is-vertical is-content-justification-center is-layout-flex wp-container-core-group-is-layout-e2e87e84 wp-block-group-is-layout-flex\" style=\"border-radius:5px;padding-top:var(--wp--preset--spacing--40);padding-right:var(--wp--preset--spacing--40);padding-bottom:var(--wp--preset--spacing--40);padding-left:var(--wp--preset--spacing--40)\">\n<figure class=\"wp-block-image size-full is-resized wp-duotone-varpresetduotonewhite-2\"><img decoding=\"async\" src=\"http:\/\/www.dawidjankowski.pl\/wp-content\/themes\/patterns-political\/assets\/img\/icon-5.png\" alt=\"\" style=\"width:60px;height:auto\"\/><\/figure>\n\n\n\n<div class=\"wp-block-group is-layout-constrained wp-container-core-group-is-layout-19e250f3 wp-block-group-is-layout-constrained\">\n<h4 class=\"wp-block-heading has-text-align-center has-default-color has-text-color has-link-color wp-elements-e4e2b953b744abd0e79b4c7093bd50e2\">Napisz<\/h4>\n\n\n\n<div style=\"height:var(--wp--preset--spacing--10)\" aria-hidden=\"true\" class=\"wp-block-spacer\"><\/div>\n\n\n\n<p class=\"has-text-align-center pwp-txt-dec-non has-link-color has-medium-font-size wp-elements-2b06bdbc37da55159b3da1c581b4b11a\"><a href=\"mailto:biuro@dawidjankowski.pl\">biuro@dawidjankowski.pl<\/a><\/p>\n\n\n\n<p class=\"has-text-align-center pwp-txt-dec-non has-link-color has-medium-font-size wp-elements-f970c9033dd80403c6a8bb952ad1d0eb\"><mark style=\"background-color:rgba(0, 0, 0, 0)\" class=\"has-inline-color has-default-color\"><a href=\"mailto:d.jankowski@um.olesnica.pl\">d.jankowski@um.olesnica.pl<\/a><\/mark><\/p>\n<\/div>\n<\/div>\n<\/div>\n\n\n\n<div class=\"wp-block-column is-layout-flow wp-block-column-is-layout-flow\">\n<div class=\"wp-block-group has-secondary-background-color has-background is-vertical is-content-justification-center is-layout-flex wp-container-core-group-is-layout-e2e87e84 wp-block-group-is-layout-flex\" style=\"border-radius:5px;padding-top:var(--wp--preset--spacing--40);padding-right:var(--wp--preset--spacing--40);padding-bottom:var(--wp--preset--spacing--40);padding-left:var(--wp--preset--spacing--40)\">\n<figure class=\"wp-block-image size-full is-resized wp-duotone-varpresetduotonewhite-3\"><img decoding=\"async\" src=\"http:\/\/www.dawidjankowski.pl\/wp-content\/themes\/patterns-political\/assets\/img\/icon-4.png\" alt=\"\" style=\"width:60px;height:auto\"\/><\/figure>\n\n\n\n<div class=\"wp-block-group is-layout-constrained wp-container-core-group-is-layout-19e250f3 wp-block-group-is-layout-constrained\">\n<h4 class=\"wp-block-heading has-text-align-center has-default-color has-text-color has-link-color wp-elements-08120a74ceba7138d9d92b05efac7591\">Przyjd\u017a<\/h4>\n\n\n\n<div style=\"height:var(--wp--preset--spacing--20)\" aria-hidden=\"true\" class=\"wp-block-spacer\"><\/div>\n\n\n\n<p class=\"has-text-align-center has-default-color has-text-color\">Ole\u015bnica, ul. Miko\u0142aja Reja 10, pok. 9, II p.<\/p>\n\n\n\n<blockquote class=\"wp-block-quote is-layout-flow wp-block-quote-is-layout-flow\">\n<div class=\"wp-block-columns is-layout-flex wp-container-core-columns-is-layout-28f84493 wp-block-columns-is-layout-flex\">\n<div class=\"wp-block-column is-layout-flow wp-block-column-is-layout-flow\" style=\"flex-basis:100%\">\n<p class=\"has-text-align-center\"><mark style=\"background-color:rgba(0, 0, 0, 0)\" class=\"has-inline-color has-default-color\"><em>(w ka\u017cdy czwartek od 17:00 do 18:00)<\/em><\/mark><\/p>\n<\/div>\n<\/div>\n<\/blockquote>\n<\/div>\n<\/div>\n<\/div>\n<\/div>\n<\/div>\n\n\n\n<div class=\"wp-block-group is-layout-constrained wp-container-core-group-is-layout-a903b90d wp-block-group-is-layout-constrained\"><\/div>\n\n\n\n<p><\/p>\n","protected":false},"excerpt":{"rendered":"<p>KONTAKT Skontaktuj si\u0119 ze mn\u0105! Zadzwo\u0144 +48 884-414-148 (od pon. do pt.) Napisz biuro@dawidjankowski.pl d.jankowski@um.olesnica.pl Przyjd\u017a Ole\u015bnica, ul. Miko\u0142aja Reja 10, pok. 9, II p. (w ka\u017cdy czwartek od 17:00 do 18:00)<\/p>\n","protected":false},"author":1,"featured_media":0,"parent":0,"menu_order":0,"comment_status":"closed","ping_status":"closed","template":"","meta":{"footnotes":""},"class_list":["post-21","page","type-page","status-publish","hentry"],"_links":{"self":[{"href":"http:\/\/www.dawidjankowski.pl\/index.php\/wp-json\/wp\/v2\/pages\/21","targetHints":{"allow":["GET"]}}],"collection":[{"href":"http:\/\/www.dawidjankowski.pl\/index.php\/wp-json\/wp\/v2\/pages"}],"about":[{"href":"http:\/\/www.dawidjankowski.pl\/index.php\/wp-json\/wp\/v2\/types\/page"}],"author":[{"embeddable":true,"href":"http:\/\/www.dawidjankowski.pl\/index.php\/wp-json\/wp\/v2\/users\/1"}],"replies":[{"embeddable":true,"href":"http:\/\/www.dawidjankowski.pl\/index.php\/wp-json\/wp\/v2\/comments?post=21"}],"version-history":[{"count":3,"href":"http:\/\/www.dawidjankowski.pl\/index.php\/wp-json\/wp\/v2\/pages\/21\/revisions"}],"predecessor-version":[{"id":40,"href":"http:\/\/www.dawidjankowski.pl\/index.php\/wp-json\/wp\/v2\/pages\/21\/revisions\/40"}],"wp:attachment":[{"href":"http:\/\/www.dawidjankowski.pl\/index.php\/wp-json\/wp\/v2\/media?parent=21"}],"curies":[{"name":"wp","href":"https:\/\/api.w.org\/{rel}","templated":true}]}}